{"id":5,"date":"2024-11-10T17:02:06","date_gmt":"2024-11-10T16:02:06","guid":{"rendered":"http:\/\/sodepannes.com\/?page_id=5"},"modified":"2025-03-18T09:14:07","modified_gmt":"2025-03-18T08:14:07","slug":"sodepannes","status":"publish","type":"page","link":"https:\/\/sodepannes.com\/","title":{"rendered":"Accueil"},"content":{"rendered":"<p><!-- Google tag (gtag.js) --><br \/>\n<script async src=\"https:\/\/www.googletagmanager.com\/gtag\/js?id=AW-16879128328\"><\/script><br \/>\n<script><br \/>\n  window.dataLayer = window.dataLayer || [];<br \/>\n  function gtag(){dataLayer.push(arguments);}<br \/>\n  gtag('js', new Date());<\/p>\n<p>  gtag('config', 'AW-16879128328');<br \/>\n<\/script><\/p>\n<p><script><br \/>\n  gtag('config', 'AW-16879128328\/uTRTCMiUmqAaEIiezPA-', {<br \/>\n    'phone_conversion_number': '0749392907'<br \/>\n  });<br \/>\n<\/script><\/p>\n\n\n<h2 class=\"wp-block-heading has-text-align-center\">Epavistes et d\u00e9panneurs disponibles 24h\/7j<\/h2>\n\n\n\n<p class=\"has-text-align-center\">Sodepanne&rsquo;s intervient rapidement pour vous remorquer. Nos devis <strong>sont gratuits<\/strong>, la r\u00e9ponse est imm\u00e9diate au 0749392907. Vous pouvez \u00e9galement nous contacter par courriel via notre <a href=\"https:\/\/sodepannes.com\/?page_id=45\" data-type=\"page\" data-id=\"45\">formulaire de contact<\/a>.<\/p>\n\n\n\n<p class=\"has-text-align-center\">Nous proposons \u00e9galement un <strong>service gratuit <\/strong>pour vous d\u00e9barrasser de vos \u00e9paves et v\u00e9hicules hors d&rsquo;usage. Nous r\u00e9cup\u00e9rons votre v\u00e9hicule et nous le transportons chez un partenaire VHU agr\u00e9\u00e9 pour une destruction dans le respect de la r\u00e8glementation europ\u00e9enne. Vous recevrez rapidement un certificat de destruction.<\/p>\n\n\n\n<p>Nos services :<\/p>\n\n\n\n<ul class=\"wp-block-list\">\n<li>Remorquage v\u00e9hicule, moto, scooter et engin de chantier<\/li>\n\n\n\n<li>Enl\u00e8vement d\u2019\u00e9pave gratuit<\/li>\n\n\n\n<li>Transport national de v\u00e9hicule<\/li>\n\n\n\n<li>Remorquage en sous-sol<\/li>\n<\/ul>\n\n\n\n<figure class=\"wp-block-gallery has-nested-images columns-default is-cropped wp-block-gallery-1 is-layout-flex wp-block-gallery-is-layout-flex\">\n<figure class=\"wp-block-image size-large\"><img loading=\"lazy\" decoding=\"async\" width=\"1024\" height=\"768\" data-id=\"17\" src=\"http:\/\/sodepannes.com\/wp-content\/uploads\/2024\/11\/p4-1024x768.jpg\" alt=\"\" class=\"wp-image-17\" srcset=\"https:\/\/sodepannes.com\/wp-content\/uploads\/2024\/11\/p4-1024x768.jpg 1024w, https:\/\/sodepannes.com\/wp-content\/uploads\/2024\/11\/p4-300x225.jpg 300w, https:\/\/sodepannes.com\/wp-content\/uploads\/2024\/11\/p4-768x576.jpg 768w, https:\/\/sodepannes.com\/wp-content\/uploads\/2024\/11\/p4-1536x1152.jpg 1536w, https:\/\/sodepannes.com\/wp-content\/uploads\/2024\/11\/p4.jpg 1600w\" sizes=\"auto, (max-width: 1024px) 100vw, 1024px\" \/><figcaption class=\"wp-element-caption\">d\u00e9pannage utilitaire<\/figcaption><\/figure>\n\n\n\n<figure class=\"wp-block-image size-large\"><img loading=\"lazy\" decoding=\"async\" width=\"1024\" height=\"768\" data-id=\"18\" src=\"http:\/\/sodepannes.com\/wp-content\/uploads\/2024\/11\/p5-1024x768.png\" alt=\"\" class=\"wp-image-18\" srcset=\"https:\/\/sodepannes.com\/wp-content\/uploads\/2024\/11\/p5-1024x768.png 1024w, https:\/\/sodepannes.com\/wp-content\/uploads\/2024\/11\/p5-300x225.png 300w, https:\/\/sodepannes.com\/wp-content\/uploads\/2024\/11\/p5-768x576.png 768w, https:\/\/sodepannes.com\/wp-content\/uploads\/2024\/11\/p5-1536x1152.png 1536w, https:\/\/sodepannes.com\/wp-content\/uploads\/2024\/11\/p5.png 1600w\" sizes=\"auto, (max-width: 1024px) 100vw, 1024px\" \/><figcaption class=\"wp-element-caption\">d\u00e9pannage engin de chantier<\/figcaption><\/figure>\n\n\n\n<figure class=\"wp-block-image size-large\"><img loading=\"lazy\" decoding=\"async\" width=\"1024\" height=\"768\" data-id=\"19\" src=\"http:\/\/sodepannes.com\/wp-content\/uploads\/2024\/11\/p6-1024x768.png\" alt=\"\" class=\"wp-image-19\" srcset=\"https:\/\/sodepannes.com\/wp-content\/uploads\/2024\/11\/p6-1024x768.png 1024w, https:\/\/sodepannes.com\/wp-content\/uploads\/2024\/11\/p6-300x225.png 300w, https:\/\/sodepannes.com\/wp-content\/uploads\/2024\/11\/p6-768x576.png 768w, https:\/\/sodepannes.com\/wp-content\/uploads\/2024\/11\/p6-1536x1152.png 1536w, https:\/\/sodepannes.com\/wp-content\/uploads\/2024\/11\/p6.png 1600w\" sizes=\"auto, (max-width: 1024px) 100vw, 1024px\" \/><figcaption class=\"wp-element-caption\">d\u00e9pannage utilitaire<\/figcaption><\/figure>\n\n\n\n<figure class=\"wp-block-image size-large\"><img loading=\"lazy\" decoding=\"async\" width=\"1024\" height=\"768\" data-id=\"8\" src=\"http:\/\/sodepannes.com\/wp-content\/uploads\/2024\/11\/p1-1024x768.jpg\" alt=\"\" class=\"wp-image-8\" srcset=\"https:\/\/sodepannes.com\/wp-content\/uploads\/2024\/11\/p1-1024x768.jpg 1024w, https:\/\/sodepannes.com\/wp-content\/uploads\/2024\/11\/p1-300x225.jpg 300w, https:\/\/sodepannes.com\/wp-content\/uploads\/2024\/11\/p1-768x576.jpg 768w, https:\/\/sodepannes.com\/wp-content\/uploads\/2024\/11\/p1-1536x1152.jpg 1536w, https:\/\/sodepannes.com\/wp-content\/uploads\/2024\/11\/p1.jpg 1600w\" sizes=\"auto, (max-width: 1024px) 100vw, 1024px\" \/><figcaption class=\"wp-element-caption\">d\u00e9pannage SUV<\/figcaption><\/figure>\n\n\n\n<figure class=\"wp-block-image size-large\"><img loading=\"lazy\" decoding=\"async\" width=\"1024\" height=\"768\" data-id=\"163\" src=\"https:\/\/sodepannes.com\/wp-content\/uploads\/2025\/02\/p3-1024x768.jpg\" alt=\"\" class=\"wp-image-163\" srcset=\"https:\/\/sodepannes.com\/wp-content\/uploads\/2025\/02\/p3-1024x768.jpg 1024w, https:\/\/sodepannes.com\/wp-content\/uploads\/2025\/02\/p3-300x225.jpg 300w, https:\/\/sodepannes.com\/wp-content\/uploads\/2025\/02\/p3-768x576.jpg 768w, https:\/\/sodepannes.com\/wp-content\/uploads\/2025\/02\/p3-1536x1152.jpg 1536w, https:\/\/sodepannes.com\/wp-content\/uploads\/2025\/02\/p3-2048x1536.jpg 2048w\" sizes=\"auto, (max-width: 1024px) 100vw, 1024px\" \/><\/figure>\n\n\n\n<figure class=\"wp-block-image size-large\"><img loading=\"lazy\" decoding=\"async\" width=\"1024\" height=\"768\" data-id=\"164\" src=\"https:\/\/sodepannes.com\/wp-content\/uploads\/2025\/02\/p1-1024x768.jpg\" alt=\"\" class=\"wp-image-164\" srcset=\"https:\/\/sodepannes.com\/wp-content\/uploads\/2025\/02\/p1-1024x768.jpg 1024w, https:\/\/sodepannes.com\/wp-content\/uploads\/2025\/02\/p1-300x225.jpg 300w, https:\/\/sodepannes.com\/wp-content\/uploads\/2025\/02\/p1-768x576.jpg 768w, https:\/\/sodepannes.com\/wp-content\/uploads\/2025\/02\/p1-1536x1152.jpg 1536w, https:\/\/sodepannes.com\/wp-content\/uploads\/2025\/02\/p1-2048x1536.jpg 2048w\" sizes=\"auto, (max-width: 1024px) 100vw, 1024px\" \/><\/figure>\n\n\n\n<figure class=\"wp-block-image size-large\"><img loading=\"lazy\" decoding=\"async\" width=\"1024\" height=\"768\" data-id=\"161\" src=\"https:\/\/sodepannes.com\/wp-content\/uploads\/2025\/02\/p2-1024x768.jpg\" alt=\"\" class=\"wp-image-161\" srcset=\"https:\/\/sodepannes.com\/wp-content\/uploads\/2025\/02\/p2-1024x768.jpg 1024w, https:\/\/sodepannes.com\/wp-content\/uploads\/2025\/02\/p2-300x225.jpg 300w, https:\/\/sodepannes.com\/wp-content\/uploads\/2025\/02\/p2-768x576.jpg 768w, https:\/\/sodepannes.com\/wp-content\/uploads\/2025\/02\/p2-1536x1152.jpg 1536w, https:\/\/sodepannes.com\/wp-content\/uploads\/2025\/02\/p2-2048x1536.jpg 2048w\" sizes=\"auto, (max-width: 1024px) 100vw, 1024px\" \/><\/figure>\n\n\n\n<figure class=\"wp-block-image size-large\"><img loading=\"lazy\" decoding=\"async\" width=\"768\" height=\"1024\" data-id=\"165\" src=\"https:\/\/sodepannes.com\/wp-content\/uploads\/2025\/02\/p4-768x1024.jpg\" alt=\"\" class=\"wp-image-165\" srcset=\"https:\/\/sodepannes.com\/wp-content\/uploads\/2025\/02\/p4-768x1024.jpg 768w, https:\/\/sodepannes.com\/wp-content\/uploads\/2025\/02\/p4-225x300.jpg 225w, https:\/\/sodepannes.com\/wp-content\/uploads\/2025\/02\/p4-1152x1536.jpg 1152w, https:\/\/sodepannes.com\/wp-content\/uploads\/2025\/02\/p4-1536x2048.jpg 1536w, https:\/\/sodepannes.com\/wp-content\/uploads\/2025\/02\/p4-scaled.jpg 1920w\" sizes=\"auto, (max-width: 768px) 100vw, 768px\" \/><\/figure>\n\n\n\n<figure class=\"wp-block-image size-large\"><img loading=\"lazy\" decoding=\"async\" width=\"768\" height=\"1024\" data-id=\"162\" src=\"https:\/\/sodepannes.com\/wp-content\/uploads\/2025\/02\/p5-768x1024.jpg\" alt=\"\" class=\"wp-image-162\" srcset=\"https:\/\/sodepannes.com\/wp-content\/uploads\/2025\/02\/p5-768x1024.jpg 768w, https:\/\/sodepannes.com\/wp-content\/uploads\/2025\/02\/p5-225x300.jpg 225w, https:\/\/sodepannes.com\/wp-content\/uploads\/2025\/02\/p5-1152x1536.jpg 1152w, https:\/\/sodepannes.com\/wp-content\/uploads\/2025\/02\/p5-1536x2048.jpg 1536w, https:\/\/sodepannes.com\/wp-content\/uploads\/2025\/02\/p5-scaled.jpg 1920w\" sizes=\"auto, (max-width: 768px) 100vw, 768px\" \/><\/figure>\n<\/figure>\n\n\n\n<figure class=\"wp-block-image size-large is-resized\"><img loading=\"lazy\" decoding=\"async\" width=\"397\" height=\"506\" src=\"https:\/\/sodepannes.com\/wp-content\/uploads\/2024\/11\/depanneuseSo.png\" alt=\"\" class=\"wp-image-14\" style=\"width:650px;height:auto\" srcset=\"https:\/\/sodepannes.com\/wp-content\/uploads\/2024\/11\/depanneuseSo.png 397w, https:\/\/sodepannes.com\/wp-content\/uploads\/2024\/11\/depanneuseSo-235x300.png 235w\" sizes=\"auto, (max-width: 397px) 100vw, 397px\" \/><figcaption class=\"wp-element-caption\">La d\u00e9panneuse<\/figcaption><\/figure>\n\n\n\n<div class=\"wp-block-group is-content-justification-space-between is-nowrap is-layout-flex wp-container-core-group-is-layout-cb46ffcb wp-block-group-is-layout-flex\"><div class=\"is-default-size wp-block-site-logo\"><a href=\"https:\/\/sodepannes.com\/\" class=\"custom-logo-link\" rel=\"home\"><img loading=\"lazy\" decoding=\"async\" width=\"257\" height=\"189\" src=\"https:\/\/sodepannes.com\/wp-content\/uploads\/2024\/11\/logo-comp-cool-nordique.png\" class=\"custom-logo\" alt=\"\u00a9 www.sodepannes.com\" \/><\/a><\/div>\n\n\n<div class=\"wp-block-columns is-layout-flex wp-container-core-columns-is-layout-530579cd wp-block-columns-is-layout-flex\" style=\"padding-top:var(--wp--preset--spacing--40);padding-right:var(--wp--preset--spacing--70);padding-bottom:var(--wp--preset--spacing--40);padding-left:var(--wp--preset--spacing--70)\">\n<div class=\"wp-block-column is-layout-flow wp-block-column-is-layout-flow\" style=\"flex-basis:100%\"><ul class=\"wp-block-page-list\"><li class=\"wp-block-pages-list__item\"><a class=\"wp-block-pages-list__item__link\" href=\"https:\/\/sodepannes.com\/?page_id=120\">A propos<\/a><\/li><li class=\"wp-block-pages-list__item menu-item-home\"><a class=\"wp-block-pages-list__item__link\" href=\"https:\/\/sodepannes.com\/\">Accueil<\/a><\/li><li class=\"wp-block-pages-list__item\"><a class=\"wp-block-pages-list__item__link\" href=\"https:\/\/sodepannes.com\/?page_id=45\">Formulaire de contact<\/a><\/li><li class=\"wp-block-pages-list__item\"><a class=\"wp-block-pages-list__item__link\" href=\"https:\/\/sodepannes.com\/?page_id=3\">Politique de confidentialit\u00e9<\/a><\/li><\/ul><\/div>\n<\/div>\n<\/div>\n\n\n\n<div class=\"wp-block-group is-layout-constrained wp-block-group-is-layout-constrained\">\n<p class=\"has-text-align-center\">\u00a9 www.sodepannes.com<\/p>\n<\/div>\n","protected":false},"excerpt":{"rendered":"<p>Epavistes et d\u00e9panneurs disponibles 24h\/7j Sodepanne&rsquo;s intervient rapidement pour vous remorquer. Nos devis sont gratuits, la r\u00e9ponse est imm\u00e9diate au 0749392907. Vous pouvez \u00e9galement nous contacter par courriel via notre formulaire de contact. Nous proposons \u00e9galement un service gratuit pour vous d\u00e9barrasser de vos \u00e9paves et v\u00e9hicules hors d&rsquo;usage. Nous r\u00e9cup\u00e9rons votre v\u00e9hicule et nous [&hellip;]<\/p>\n","protected":false},"author":1,"featured_media":119,"parent":0,"menu_order":0,"comment_status":"closed","ping_status":"closed","template":"","meta":{"footnotes":""},"class_list":["post-5","page","type-page","status-publish","has-post-thumbnail","hentry"],"_links":{"self":[{"href":"https:\/\/sodepannes.com\/index.php?rest_route=\/wp\/v2\/pages\/5","targetHints":{"allow":["GET"]}}],"collection":[{"href":"https:\/\/sodepannes.com\/index.php?rest_route=\/wp\/v2\/pages"}],"about":[{"href":"https:\/\/sodepannes.com\/index.php?rest_route=\/wp\/v2\/types\/page"}],"author":[{"embeddable":true,"href":"https:\/\/sodepannes.com\/index.php?rest_route=\/wp\/v2\/users\/1"}],"replies":[{"embeddable":true,"href":"https:\/\/sodepannes.com\/index.php?rest_route=%2Fwp%2Fv2%2Fcomments&post=5"}],"version-history":[{"count":47,"href":"https:\/\/sodepannes.com\/index.php?rest_route=\/wp\/v2\/pages\/5\/revisions"}],"predecessor-version":[{"id":188,"href":"https:\/\/sodepannes.com\/index.php?rest_route=\/wp\/v2\/pages\/5\/revisions\/188"}],"wp:featuredmedia":[{"embeddable":true,"href":"https:\/\/sodepannes.com\/index.php?rest_route=\/wp\/v2\/media\/119"}],"wp:attachment":[{"href":"https:\/\/sodepannes.com\/index.php?rest_route=%2Fwp%2Fv2%2Fmedia&parent=5"}],"curies":[{"name":"wp","href":"https:\/\/api.w.org\/{rel}","templated":true}]}}