{"id":120,"date":"2024-11-15T12:21:47","date_gmt":"2024-11-15T11:21:47","guid":{"rendered":"https:\/\/sodepannes.com\/?page_id=120"},"modified":"2025-02-20T10:16:14","modified_gmt":"2025-02-20T09:16:14","slug":"a-propos","status":"publish","type":"page","link":"https:\/\/sodepannes.com\/?page_id=120","title":{"rendered":"A propos"},"content":{"rendered":"<!-- Google tag (gtag.js) -->\n<script async src=\"https:\/\/www.googletagmanager.com\/gtag\/js?id=AW-16879128328\"><\/script>\n<script>\n  window.dataLayer = window.dataLayer || [];\n  function gtag(){dataLayer.push(arguments);}\n  gtag('js', new Date());\n\n  gtag('config', 'AW-16879128328');\n<\/script>\n<script>\n  gtag('config', 'AW-16879128328\/uTRTCMiUmqAaEIiezPA-', {\n    'phone_conversion_number': '0749392907'\n  });\n<\/script>\n\n\n<h2 class=\"wp-block-heading\">A propos de Sodepanne&rsquo;s<\/h2>\n\n\n\n<div class=\"wp-block-media-text is-stacked-on-mobile\" style=\"grid-template-columns:40% auto\"><figure class=\"wp-block-media-text__media\"><img loading=\"lazy\" decoding=\"async\" width=\"616\" height=\"559\" src=\"https:\/\/sodepannes.com\/wp-content\/uploads\/2024\/11\/localisation.png\" alt=\"\" class=\"wp-image-124 size-full\" srcset=\"https:\/\/sodepannes.com\/wp-content\/uploads\/2024\/11\/localisation.png 616w, https:\/\/sodepannes.com\/wp-content\/uploads\/2024\/11\/localisation-300x272.png 300w\" sizes=\"auto, (max-width: 616px) 100vw, 616px\" \/><\/figure><div class=\"wp-block-media-text__content\">\n<p class=\"has-text-align-left has-medium-font-size\">Sodepanne&rsquo;s (<strong>n\u00b0 SIREN 938919354<\/strong>) est une structure localis\u00e9e \u00e0 Villeneuve Le Roi dans le Val de Marne (94). L&rsquo;\u00e9quipe d&rsquo;experts vous propose ses services rapidement et efficacement.<\/p>\n\n\n\n<p class=\"has-medium-font-size\">Nous intervenons imm\u00e9diatement en Ile de France et activement au niveau national.<\/p>\n<\/div><\/div>\n\n\n\n<p class=\"has-medium-font-size\" style=\"border-radius:0px\">Vous recherchez un d\u00e9pannage, un remorquage ou l&rsquo;enl\u00e8vement <strong>gratuit<\/strong> d&rsquo;un v\u00e9hicule hors d&rsquo;usage ? Notre \u00e9quipe satisfera votre demande.<\/p>\n\n\n\n<p class=\"has-text-align-center\">Nous sommes disponibles 24h\/24 et 7j\/7.<\/p>\n\n\n\n<div class=\"wp-block-group is-content-justification-space-between is-nowrap is-layout-flex wp-container-core-group-is-layout-cb46ffcb wp-block-group-is-layout-flex\"><div class=\"is-default-size wp-block-site-logo\"><a href=\"https:\/\/sodepannes.com\/\" class=\"custom-logo-link\" rel=\"home\"><img loading=\"lazy\" decoding=\"async\" width=\"257\" height=\"189\" src=\"https:\/\/sodepannes.com\/wp-content\/uploads\/2024\/11\/logo-comp-cool-nordique.png\" class=\"custom-logo\" alt=\"\u00a9 www.sodepannes.com\" \/><\/a><\/div>\n\n\n<div class=\"wp-block-columns is-layout-flex wp-container-core-columns-is-layout-530579cd wp-block-columns-is-layout-flex\" style=\"padding-top:var(--wp--preset--spacing--40);padding-right:var(--wp--preset--spacing--70);padding-bottom:var(--wp--preset--spacing--40);padding-left:var(--wp--preset--spacing--70)\">\n<div class=\"wp-block-column is-layout-flow wp-block-column-is-layout-flow\" style=\"flex-basis:100%\"><ul class=\"wp-block-page-list\"><li class=\"wp-block-pages-list__item\"><a class=\"wp-block-pages-list__item__link\" href=\"https:\/\/sodepannes.com\/?page_id=120\">A propos<\/a><\/li><li class=\"wp-block-pages-list__item menu-item-home\"><a class=\"wp-block-pages-list__item__link\" href=\"https:\/\/sodepannes.com\/\">Accueil<\/a><\/li><li class=\"wp-block-pages-list__item\"><a class=\"wp-block-pages-list__item__link\" href=\"https:\/\/sodepannes.com\/?page_id=45\">Formulaire de contact<\/a><\/li><li class=\"wp-block-pages-list__item\"><a class=\"wp-block-pages-list__item__link\" href=\"https:\/\/sodepannes.com\/?page_id=3\">Politique de confidentialit\u00e9<\/a><\/li><\/ul><\/div>\n<\/div>\n<\/div>\n\n\n\n<div class=\"wp-block-group is-layout-constrained wp-block-group-is-layout-constrained\">\n<p class=\"has-text-align-center\">\u00a9 www.sodepannes.com<\/p>\n<\/div>\n","protected":false},"excerpt":{"rendered":"<p>A propos de Sodepanne&rsquo;s Sodepanne&rsquo;s (n\u00b0 SIREN 938919354) est une structure localis\u00e9e \u00e0 Villeneuve Le Roi dans le Val de Marne (94). L&rsquo;\u00e9quipe d&rsquo;experts vous propose ses services rapidement et efficacement. Nous intervenons imm\u00e9diatement en Ile de France et activement au niveau national. Vous recherchez un d\u00e9pannage, un remorquage ou l&rsquo;enl\u00e8vement gratuit d&rsquo;un v\u00e9hicule hors [&hellip;]<\/p>\n","protected":false},"author":1,"featured_media":119,"parent":0,"menu_order":0,"comment_status":"closed","ping_status":"closed","template":"","meta":{"footnotes":""},"class_list":["post-120","page","type-page","status-publish","has-post-thumbnail","hentry"],"_links":{"self":[{"href":"https:\/\/sodepannes.com\/index.php?rest_route=\/wp\/v2\/pages\/120","targetHints":{"allow":["GET"]}}],"collection":[{"href":"https:\/\/sodepannes.com\/index.php?rest_route=\/wp\/v2\/pages"}],"about":[{"href":"https:\/\/sodepannes.com\/index.php?rest_route=\/wp\/v2\/types\/page"}],"author":[{"embeddable":true,"href":"https:\/\/sodepannes.com\/index.php?rest_route=\/wp\/v2\/users\/1"}],"replies":[{"embeddable":true,"href":"https:\/\/sodepannes.com\/index.php?rest_route=%2Fwp%2Fv2%2Fcomments&post=120"}],"version-history":[{"count":10,"href":"https:\/\/sodepannes.com\/index.php?rest_route=\/wp\/v2\/pages\/120\/revisions"}],"predecessor-version":[{"id":169,"href":"https:\/\/sodepannes.com\/index.php?rest_route=\/wp\/v2\/pages\/120\/revisions\/169"}],"wp:featuredmedia":[{"embeddable":true,"href":"https:\/\/sodepannes.com\/index.php?rest_route=\/wp\/v2\/media\/119"}],"wp:attachment":[{"href":"https:\/\/sodepannes.com\/index.php?rest_route=%2Fwp%2Fv2%2Fmedia&parent=120"}],"curies":[{"name":"wp","href":"https:\/\/api.w.org\/{rel}","templated":true}]}}